{"id":579,"date":"2024-04-11T16:54:02","date_gmt":"2024-04-11T16:54:02","guid":{"rendered":"https:\/\/estodebesaber-com-222100.hostingersite.com\/?page_id=579"},"modified":"2024-04-12T23:59:29","modified_gmt":"2024-04-12T23:59:29","slug":"editor-generak","status":"publish","type":"page","link":"https:\/\/estodebesaber-com-222100.hostingersite.com\/index.php\/editor-generak\/","title":{"rendered":"Acerca de Nosotros"},"content":{"rendered":"\n<!--more-->\n\n\n\n<p>Esto Debe Saber es un medio independiente que origina sus contenidos desde Londres, Reino Unido.<\/p>\n\n\n\n<p>Somos imparciales y cada d\u00eda creamos contenidos propios a trav\u00e9s de art\u00edculos, columnas de opini\u00f3n, videos, shorts y material audiovisual que se comparte en l\u00ednea sin costo alguno, educando, entreteniendo e informando a millones de personas en Reino Unido y el resto del mundo.<\/p>\n\n\n\n<p>Obtenemos la mayor\u00eda de nuestra informaci\u00f3n consultando fuentes oficiales del gobierno, de la monarqu\u00eda brit\u00e1nica, de redes sociales oficiales y las que generamos desplaz\u00e1ndonos directamente hasta la fuente de informaci\u00f3n.<\/p>\n\n\n\n<p>Hacemos esto a trav\u00e9s de:<\/p>\n\n\n\n<p>Logramos generar todos estos contenidos con alianzas estrat\u00e9gicas con medios como ExpressNewsUK que informa a los latinos en Gran Breta\u00f1a desde hace 25 a\u00f1os en el idioma espa\u00f1ol.<\/p>\n\n\n\n<p>Nuestros servicios digitales, incluidos el canal Esto Debe Saber en YouTube y Tiktok acumulan millones de visualizaciones y desde esas plataformas mantenemos un amplio archivo sobre los temas que tocamos a diario.<\/p>\n\n\n\n<p>Esto Debe Saber se financia a trav\u00e9s de donativos, super likes, el newsletter en su versi\u00f3n PRO y principalmente a trav\u00e9s de publicidad que pagan nuestros anunciantes en las diferentes plataformas y en esta p\u00e1gina web donde alojamos contenidos a diario. Nuestras operaciones comerciales son inspeccionadas cada a\u00f1o por HMRC a trav\u00e9s de nuestra compa\u00f1\u00eda registrada en Reino Unido Mancini Corporation Ltd y estamos regulados por Ofcom.<\/p>\n\n\n\n<figure class=\"wp-block-pullquote\"><blockquote><p>Acerca de Nuestro editor<\/p><\/blockquote><\/figure>\n\n\n\n<h1 class=\"wp-block-heading\">Orlando Mancini<\/h1>\n\n\n\n<p>Orlando Mancini es un periodista graduado en la UNAB de Bucaramanga con m\u00e1s de tres d\u00e9cadas de experiencia en medios de comunicaci\u00f3n, con especializaci\u00f3n en Tecnolog\u00edas de la Informaci\u00f3n y las Comunicaciones (TIC) y una maestr\u00eda en desarrollo de tecnolog\u00edas digitales aplicadas a la educaci\u00f3n, obtenida en la Universidad de Santander (UDES). Durante m\u00e1s de veinticinco a\u00f1os ha ejercido su profesi\u00f3n en la capital brit\u00e1nica, donde ha sido pionero en la creaci\u00f3n de diversos medios hispanos en radio, televisi\u00f3n y plataformas digitales que contin\u00faan en funcionamiento.<\/p>\n\n\n\n<p>Como periodista independiente, Mancini fund\u00f3 el primer canal hispano por suscripci\u00f3n en Londres, conocido como LATVAMERICA, y el programa radial &#8216;En Contacto&#8217;. En el a\u00f1o 2005 se uni\u00f3 al equipo de corresponsales de Caracol TV en el Reino Unido, cubriendo eventos de relevancia internacional como la Cumbre del G20, la boda real y competiciones deportivas destacadas como Wimbledon y la F\u00f3rmula 1.<\/p>\n\n\n\n<p>En 2012, tuvo la oportunidad de trabajar para la Organizaci\u00f3n Ol\u00edmpica Internacional en su departamento audiovisual (OBS), siendo parte del equipo que transmiti\u00f3 siete disciplinas deportivas durante los Juegos Ol\u00edmpicos de Londres, dirigido al p\u00fablico de habla hispana en todo el mundo.<\/p>\n\n\n\n<figure class=\"wp-block-image size-full\"><img loading=\"lazy\" decoding=\"async\" width=\"624\" height=\"929\" src=\"https:\/\/estodebesaber-com-222100.hostingersite.com\/wp-content\/uploads\/2024\/04\/JOMR.png\" alt=\"\" class=\"wp-image-826\" srcset=\"https:\/\/estodebesaber-com-222100.hostingersite.com\/wp-content\/uploads\/2024\/04\/JOMR.png 624w, https:\/\/estodebesaber-com-222100.hostingersite.com\/wp-content\/uploads\/2024\/04\/JOMR-600x893.png 600w, https:\/\/estodebesaber-com-222100.hostingersite.com\/wp-content\/uploads\/2024\/04\/JOMR-202x300.png 202w, https:\/\/estodebesaber-com-222100.hostingersite.com\/wp-content\/uploads\/2024\/04\/JOMR-400x596.png 400w, https:\/\/estodebesaber-com-222100.hostingersite.com\/wp-content\/uploads\/2024\/04\/JOMR-150x223.png 150w\" sizes=\"auto, (max-width: 624px) 100vw, 624px\" \/><\/figure>\n\n\n\n<p>Recientemente, Mancini desempe\u00f1\u00f3 funciones como corresponsal de NBC-Telemundo en Londres, cubriendo eventos de gran importancia como el Jubileo de la Reina Isabel II y los Juegos Ol\u00edmpicos de Londres 2012, adem\u00e1s de informar sobre las \u00faltimas noticias relacionadas con la comunidad hispana en Reino Unido.<\/p>\n\n\n\n<p>En 2018, fund\u00f3 el departamento audiovisual de ExpressNews en el Reino Unido, principal medio hispano con 25 a\u00f1os de servicio a la comunidad hispana en la regi\u00f3n. Reconocido por su experiencia y dedicaci\u00f3n en el \u00e1mbito de la comunicaci\u00f3n y los medios digitales, Mancini ha desarrollado e implementado estrategias innovadoras en la industria medi\u00e1tica, obteniendo reconocimiento tanto a nivel local como internacional.<\/p>\n\n\n\n<p>En s\u00edntesis, Orlando Mancini es un periodista hispano con una vasta trayectoria en medios de comunicaci\u00f3n, especializado en TIC y con una destacada labor en la fundaci\u00f3n de medios hispanos en Gran Breta\u00f1a. Su amplia experiencia en la cobertura de eventos internacionales y su compromiso con la comunidad hispana lo han posicionado como un referente en la industria de los medios de comunicaci\u00f3n.<\/p>\n","protected":false},"excerpt":{"rendered":"","protected":false},"author":1,"featured_media":0,"parent":0,"menu_order":0,"comment_status":"closed","ping_status":"closed","template":"","meta":{"_uf_show_specific_survey":0,"_uf_disable_surveys":false,"_kadence_starter_templates_imported_post":false,"footnotes":""},"class_list":["post-579","page","type-page","status-publish","hentry","latest_post"],"yoast_head":"<!-- This site is optimized with the Yoast SEO plugin v27.4 - https:\/\/yoast.com\/product\/yoast-seo-wordpress\/ -->\n<title>Acerca de Nosotros - Esto Debe Saber<\/title>\n<meta name=\"robots\" content=\"index, follow, max-snippet:-1, max-image-preview:large, max-video-preview:-1\" \/>\n<link rel=\"canonical\" href=\"https:\/\/estodebesaber-com-222100.hostingersite.com\/index.php\/editor-generak\/\" \/>\n<meta property=\"og:locale\" content=\"es_ES\" \/>\n<meta property=\"og:type\" content=\"article\" \/>\n<meta property=\"og:title\" content=\"Acerca de Nosotros - Esto Debe Saber\" \/>\n<meta property=\"og:url\" content=\"https:\/\/estodebesaber-com-222100.hostingersite.com\/index.php\/editor-generak\/\" \/>\n<meta property=\"og:site_name\" content=\"Esto Debe Saber\" \/>\n<meta property=\"article:modified_time\" content=\"2024-04-12T23:59:29+00:00\" \/>\n<meta property=\"og:image\" content=\"https:\/\/estodebesaber-com-222100.hostingersite.com\/wp-content\/uploads\/2024\/04\/JOMR.png\" \/>\n<meta name=\"twitter:card\" content=\"summary_large_image\" \/>\n<meta name=\"twitter:label1\" content=\"Tiempo de lectura\" \/>\n\t<meta name=\"twitter:data1\" content=\"3 minutos\" \/>\n<script type=\"application\/ld+json\" class=\"yoast-schema-graph\">{\"@context\":\"https:\\\/\\\/schema.org\",\"@graph\":[{\"@type\":\"WebPage\",\"@id\":\"https:\\\/\\\/estodebesaber-com-222100.hostingersite.com\\\/index.php\\\/editor-generak\\\/\",\"url\":\"https:\\\/\\\/estodebesaber-com-222100.hostingersite.com\\\/index.php\\\/editor-generak\\\/\",\"name\":\"Acerca de Nosotros - Esto Debe Saber\",\"isPartOf\":{\"@id\":\"https:\\\/\\\/estodebesaber-com-222100.hostingersite.com\\\/#website\"},\"primaryImageOfPage\":{\"@id\":\"https:\\\/\\\/estodebesaber-com-222100.hostingersite.com\\\/index.php\\\/editor-generak\\\/#primaryimage\"},\"image\":{\"@id\":\"https:\\\/\\\/estodebesaber-com-222100.hostingersite.com\\\/index.php\\\/editor-generak\\\/#primaryimage\"},\"thumbnailUrl\":\"https:\\\/\\\/estodebesaber-com-222100.hostingersite.com\\\/wp-content\\\/uploads\\\/2024\\\/04\\\/JOMR.png\",\"datePublished\":\"2024-04-11T16:54:02+00:00\",\"dateModified\":\"2024-04-12T23:59:29+00:00\",\"breadcrumb\":{\"@id\":\"https:\\\/\\\/estodebesaber-com-222100.hostingersite.com\\\/index.php\\\/editor-generak\\\/#breadcrumb\"},\"inLanguage\":\"es-CO\",\"potentialAction\":[{\"@type\":\"ReadAction\",\"target\":[\"https:\\\/\\\/estodebesaber-com-222100.hostingersite.com\\\/index.php\\\/editor-generak\\\/\"]}]},{\"@type\":\"ImageObject\",\"inLanguage\":\"es-CO\",\"@id\":\"https:\\\/\\\/estodebesaber-com-222100.hostingersite.com\\\/index.php\\\/editor-generak\\\/#primaryimage\",\"url\":\"https:\\\/\\\/estodebesaber-com-222100.hostingersite.com\\\/wp-content\\\/uploads\\\/2024\\\/04\\\/JOMR.png\",\"contentUrl\":\"https:\\\/\\\/estodebesaber-com-222100.hostingersite.com\\\/wp-content\\\/uploads\\\/2024\\\/04\\\/JOMR.png\",\"width\":624,\"height\":929},{\"@type\":\"BreadcrumbList\",\"@id\":\"https:\\\/\\\/estodebesaber-com-222100.hostingersite.com\\\/index.php\\\/editor-generak\\\/#breadcrumb\",\"itemListElement\":[{\"@type\":\"ListItem\",\"position\":1,\"name\":\"Inicio\",\"item\":\"https:\\\/\\\/estodebesaber-com-222100.hostingersite.com\\\/\"},{\"@type\":\"ListItem\",\"position\":2,\"name\":\"Acerca de Nosotros\"}]},{\"@type\":\"WebSite\",\"@id\":\"https:\\\/\\\/estodebesaber-com-222100.hostingersite.com\\\/#website\",\"url\":\"https:\\\/\\\/estodebesaber-com-222100.hostingersite.com\\\/\",\"name\":\"Esto Debe Saber\",\"description\":\"\",\"potentialAction\":[{\"@type\":\"SearchAction\",\"target\":{\"@type\":\"EntryPoint\",\"urlTemplate\":\"https:\\\/\\\/estodebesaber-com-222100.hostingersite.com\\\/?s={search_term_string}\"},\"query-input\":{\"@type\":\"PropertyValueSpecification\",\"valueRequired\":true,\"valueName\":\"search_term_string\"}}],\"inLanguage\":\"es-CO\"}]}<\/script>\n<!-- \/ Yoast SEO plugin. -->","yoast_head_json":{"title":"Acerca de Nosotros - Esto Debe Saber","robots":{"index":"index","follow":"follow","max-snippet":"max-snippet:-1","max-image-preview":"max-image-preview:large","max-video-preview":"max-video-preview:-1"},"canonical":"https:\/\/estodebesaber-com-222100.hostingersite.com\/index.php\/editor-generak\/","og_locale":"es_ES","og_type":"article","og_title":"Acerca de Nosotros - Esto Debe Saber","og_url":"https:\/\/estodebesaber-com-222100.hostingersite.com\/index.php\/editor-generak\/","og_site_name":"Esto Debe Saber","article_modified_time":"2024-04-12T23:59:29+00:00","og_image":[{"url":"https:\/\/estodebesaber-com-222100.hostingersite.com\/wp-content\/uploads\/2024\/04\/JOMR.png","type":"","width":"","height":""}],"twitter_card":"summary_large_image","twitter_misc":{"Tiempo de lectura":"3 minutos"},"schema":{"@context":"https:\/\/schema.org","@graph":[{"@type":"WebPage","@id":"https:\/\/estodebesaber-com-222100.hostingersite.com\/index.php\/editor-generak\/","url":"https:\/\/estodebesaber-com-222100.hostingersite.com\/index.php\/editor-generak\/","name":"Acerca de Nosotros - Esto Debe Saber","isPartOf":{"@id":"https:\/\/estodebesaber-com-222100.hostingersite.com\/#website"},"primaryImageOfPage":{"@id":"https:\/\/estodebesaber-com-222100.hostingersite.com\/index.php\/editor-generak\/#primaryimage"},"image":{"@id":"https:\/\/estodebesaber-com-222100.hostingersite.com\/index.php\/editor-generak\/#primaryimage"},"thumbnailUrl":"https:\/\/estodebesaber-com-222100.hostingersite.com\/wp-content\/uploads\/2024\/04\/JOMR.png","datePublished":"2024-04-11T16:54:02+00:00","dateModified":"2024-04-12T23:59:29+00:00","breadcrumb":{"@id":"https:\/\/estodebesaber-com-222100.hostingersite.com\/index.php\/editor-generak\/#breadcrumb"},"inLanguage":"es-CO","potentialAction":[{"@type":"ReadAction","target":["https:\/\/estodebesaber-com-222100.hostingersite.com\/index.php\/editor-generak\/"]}]},{"@type":"ImageObject","inLanguage":"es-CO","@id":"https:\/\/estodebesaber-com-222100.hostingersite.com\/index.php\/editor-generak\/#primaryimage","url":"https:\/\/estodebesaber-com-222100.hostingersite.com\/wp-content\/uploads\/2024\/04\/JOMR.png","contentUrl":"https:\/\/estodebesaber-com-222100.hostingersite.com\/wp-content\/uploads\/2024\/04\/JOMR.png","width":624,"height":929},{"@type":"BreadcrumbList","@id":"https:\/\/estodebesaber-com-222100.hostingersite.com\/index.php\/editor-generak\/#breadcrumb","itemListElement":[{"@type":"ListItem","position":1,"name":"Inicio","item":"https:\/\/estodebesaber-com-222100.hostingersite.com\/"},{"@type":"ListItem","position":2,"name":"Acerca de Nosotros"}]},{"@type":"WebSite","@id":"https:\/\/estodebesaber-com-222100.hostingersite.com\/#website","url":"https:\/\/estodebesaber-com-222100.hostingersite.com\/","name":"Esto Debe Saber","description":"","potentialAction":[{"@type":"SearchAction","target":{"@type":"EntryPoint","urlTemplate":"https:\/\/estodebesaber-com-222100.hostingersite.com\/?s={search_term_string}"},"query-input":{"@type":"PropertyValueSpecification","valueRequired":true,"valueName":"search_term_string"}}],"inLanguage":"es-CO"}]}},"jetpack-related-posts":[],"jetpack_sharing_enabled":true,"_links":{"self":[{"href":"https:\/\/estodebesaber-com-222100.hostingersite.com\/index.php\/wp-json\/wp\/v2\/pages\/579","targetHints":{"allow":["GET"]}}],"collection":[{"href":"https:\/\/estodebesaber-com-222100.hostingersite.com\/index.php\/wp-json\/wp\/v2\/pages"}],"about":[{"href":"https:\/\/estodebesaber-com-222100.hostingersite.com\/index.php\/wp-json\/wp\/v2\/types\/page"}],"author":[{"embeddable":true,"href":"https:\/\/estodebesaber-com-222100.hostingersite.com\/index.php\/wp-json\/wp\/v2\/users\/1"}],"replies":[{"embeddable":true,"href":"https:\/\/estodebesaber-com-222100.hostingersite.com\/index.php\/wp-json\/wp\/v2\/comments?post=579"}],"version-history":[{"count":8,"href":"https:\/\/estodebesaber-com-222100.hostingersite.com\/index.php\/wp-json\/wp\/v2\/pages\/579\/revisions"}],"predecessor-version":[{"id":828,"href":"https:\/\/estodebesaber-com-222100.hostingersite.com\/index.php\/wp-json\/wp\/v2\/pages\/579\/revisions\/828"}],"wp:attachment":[{"href":"https:\/\/estodebesaber-com-222100.hostingersite.com\/index.php\/wp-json\/wp\/v2\/media?parent=579"}],"curies":[{"name":"wp","href":"https:\/\/api.w.org\/{rel}","templated":true}]}}